 {"id":94,"date":"2020-04-27T16:51:50","date_gmt":"2020-04-27T19:51:50","guid":{"rendered":"https:\/\/dottovip.com.br\/hannawellennailsprohanna\/?page_id=94"},"modified":"2026-03-10T11:49:22","modified_gmt":"2026-03-10T14:49:22","slug":"novo","status":"publish","type":"page","link":"https:\/\/dottovip.com.br\/hannawellennailsprohanna\/","title":{"rendered":"Novo"},"content":{"rendered":"\n<div id='caixa' class='dottotres '>\n       \n    <div class='secaomeio'>\n       <h1>Agende seu hor\u00e1rio <b>online<\/b><\/h1>\n       <span class='subtitulocaixa'>Escolha o servi\u00e7o, dia e hor\u00e1rio que deseja ser atendido<\/span>\n       \n       <div class='personalizado'>  <\/div>\n    <div class='secaobotoes'>\n        <div class=\"dotto-book-button os_trigger_booking\"   data-nonce=\"1ce5b6a88d\">Agendar<\/div>\n\n        <a href='~\/cliente\/'>\u00c1rea do Cliente<\/a>\n    <\/div>\n<\/div>\n<\/div>\n<\/article>\n                \t\n          <div class='secaorodape'>\n\n          <a href='https:\/\/wa.me\/+55(92) 98838-0357?text=Ol%C3%A1%2C%20quero%20atendimento' target='_blank'>\n            <img src='..\/wp-content\/themes\/Dottovip3\/public\/icwhats.svg' alt='Whats.png' \/>\n        <\/a>\n    <\/div>\n    \n    <div class='imagemprincipal'><img src='..\/wp-content\/themes\/Dottovip3\/public\/agendamento_online.png' alt='calendario' \/> <\/div>\n\n                \n\n\n\n<div class='pagina_bloqueado'>\n\n<div style='text-align: center'>\n<div class='imagem'><\/div>\n\n<h1>Ops&#8230;<\/h1>\n<h3>Este(a) profissional n\u00e3o oferece mais agendamento online.<br> Entre em contato diretamente com o profissional.<\/h3>\n<\/div>\n\n<style>\n\n  #masthead .background {\n    width: 100%;\n    height: 100%;\n    position: absolute;\n    top: 0;\n    left: 0;\n    z-index: -1;\n    background-image: url('');\n    background-repeat: no-repeat;\n    background-size: cover;\n    background-position: center;\n  }\n\n<\/style>\n\n            ","protected":false},"excerpt":{"rendered":"<p>Agende seu hor\u00e1rio online Escolha o servi\u00e7o, dia e hor\u00e1rio que deseja ser atendido \u00c1rea do Cliente Ops&#8230; Este(a) profissional n\u00e3o oferece mais agendamento online. Entre em contato diretamente com o profissional.<\/p>\n","protected":false},"author":1,"featured_media":0,"parent":0,"menu_order":0,"comment_status":"closed","ping_status":"closed","template":"","meta":{"footnotes":""},"class_list":["post-94","page","type-page","status-publish","hentry"],"_links":{"self":[{"href":"https:\/\/dottovip.com.br\/hannawellennailsprohanna\/wp-json\/wp\/v2\/pages\/94","targetHints":{"allow":["GET"]}}],"collection":[{"href":"https:\/\/dottovip.com.br\/hannawellennailsprohanna\/wp-json\/wp\/v2\/pages"}],"about":[{"href":"https:\/\/dottovip.com.br\/hannawellennailsprohanna\/wp-json\/wp\/v2\/types\/page"}],"author":[{"embeddable":true,"href":"https:\/\/dottovip.com.br\/hannawellennailsprohanna\/wp-json\/wp\/v2\/users\/1"}],"replies":[{"embeddable":true,"href":"https:\/\/dottovip.com.br\/hannawellennailsprohanna\/wp-json\/wp\/v2\/comments?post=94"}],"version-history":[{"count":5,"href":"https:\/\/dottovip.com.br\/hannawellennailsprohanna\/wp-json\/wp\/v2\/pages\/94\/revisions"}],"predecessor-version":[{"id":512,"href":"https:\/\/dottovip.com.br\/hannawellennailsprohanna\/wp-json\/wp\/v2\/pages\/94\/revisions\/512"}],"wp:attachment":[{"href":"https:\/\/dottovip.com.br\/hannawellennailsprohanna\/wp-json\/wp\/v2\/media?parent=94"}],"curies":[{"name":"wp","href":"https:\/\/api.w.org\/{rel}","templated":true}]}}