 {"id":95,"date":"2020-04-27T16:52:50","date_gmt":"2020-04-27T19:52:50","guid":{"rendered":"https:\/\/dottovip.com.br\/weslaniasobrancelhas\/?page_id=95"},"modified":"2020-04-27T16:53:53","modified_gmt":"2020-04-27T19:53:53","slug":"cliente","status":"publish","type":"page","link":"https:\/\/dottovip.com.br\/weslaniasobrancelhas\/cliente\/","title":{"rendered":"Cliente"},"content":{"rendered":"<p>[vc_row][vc_column][vc_empty_space height=&#8221;50px&#8221;][vc_column_text]<\/p>\n<p style=\"text-align: center;\">\n<div class=\"dotto-w\">\n\t<div class=\"os-form-w dotto-login-form-w\">\n\t\t<h4>Fa\u00e7a o login<\/h4>\n\t\t<form action=\"\" data-os-action=\"customers__do_login\" data-os-success-action=\"redirect\">\n            <div class =\"os-form-group os-form-group-transparent os-form-textfield-group\"><label for=\"customer_login_phone\">Telefone cadastrado (com DDD)<\/label><input type=\"text\" placeholder=\"Telefone cadastrado (com DDD)\" name=\"customer_login[phone]\" value=\"\" class=\"os-mask-phone os-form-control\" id=\"customer_login_phone\"   \/><\/div>\t\t\t<div class=\"os-form-group os-form-group-transparent os-form-textfield-group\" ><label for=\"customer_login_password\">Senha<\/label><input type=\"password\" placeholder=\"Senha\" name=\"customer_login[password]\" value=\"\" id=\"customer_login_password\" class=\"os-form-control\" \/><\/div>\t\t\t<div class=\"os-form-buttons os-flex\">\n\t\t\t\n\t\t\t<a href=\"#\" class=\"dotto-btn dotto-btn-primary dotto-btn-link\" data-os-action=\"customers__request_password_reset_token\" data-os-after-call=\"dotto_fill_Field_With_PhoneValue\" data-os-output-target=\".dotto-login-form-w\">Esqueceu a senha?<\/a>\n\t\t\t<div class=\"os-form-group\"><button type=\"submit\" name=\"submit\" class=\"dotto-btn\" id=\"submit\" >Logar<\/button><\/div>\t\t\t<\/div>\n\t\t<\/form>\n\t<\/div>\n<\/div>\n\n<div id=\"instrucao\"><strong>Para saber todas as instru\u00e7\u00f5es de como acessar a \"\u00c1rea do Cliente\" clique no bot\u00e3o abaixo:<\/strong>\n<p><button id=\"abre\">Ver instru\u00e7\u00f5es<\/button><\/p>\n<\/div>\n<div id=\"instrucoes\" style=\"display: none;\">\n<h1>Maneiras de Acessar<\/h1>\n<p><strong>Conta do sistema:<\/strong> Ao finalizar o agendamento, voc\u00ea clica em \u201cCriar conta\u201d e define uma senha. Com o telefone e a senha voc\u00ea poder\u00e1 acessar o painel acima, caso n\u00e3o tenha definido uma conta pode fazer na pr\u00f3xima oportunidade.<\/p>\n<h1>Recuperar sua senha<\/h1>\n<p>Na op\u00e7\u00e3o \"Voc\u00ea j\u00e1 tem uma conta?\", voc\u00ea pode clicar em \"Esqueceu sua senha?\". O sistema enviar\u00e1 instru\u00e7\u00f5es para o n\u00famero de telefone registrado.<\/p>\n<\/div>\n<\/div>\n\n<script>\n$(document).ready(function(){\n  $(\"#abre\").click(function(){\n    $(\"#instrucoes\").toggle();\n    $(\"#instrucao\").toggle();\n });\n});\n\ndocument.addEventListener(\"DOMContentLoaded\", function() {\n      dotto_init_form_masks();\n\t  \/*console.log(\"dotto_init_form_masks() foi chamada.\");*\/\n    });\n\tconst phoneInput = document.querySelector('input[name=\"customer_login[phone]\"]');\n\tlet phoneValue = '';\n\tif (phoneInput) {\n  \tphoneInput.addEventListener('keyup', function () {\n    phoneValue = phoneInput.value;    \n  \t});\n\t}\t\n\t\n\t\/* CORRE\u00c7\u00c3O INSTAGRAM *\/\nwindow.onload = function() {\n  if (!\/instagram\/i.test(navigator.userAgent)) return;\n\n  function trocaInputs() {\n    document.querySelectorAll('input[type=\"text\"]').forEach(function(i){\n      if (i.dataset.trocado) return;\n      const t = document.createElement('textarea');\n      t.name = i.name;\n      t.value = i.value;\n      t.placeholder = i.placeholder || '';\n      t.className = i.className || '';\n      t.style.height = (i.offsetHeight || 40) + 'px';\n      t.style.resize = 'none';\n      t.style.width = '100%';\n      t.style.boxSizing = 'border-box';\n      t.style.borderRadius = '6px';\n      t.style.border = '1px solid #ccc';\n      t.style.padding = '8px 10px';\n      t.style.fontSize = '16px';\n      i.parentNode.replaceChild(t, i);\n      t.dataset.trocado = true;\n    });\n  }\n\n  trocaInputs();\n  const obs = new MutationObserver(trocaInputs);\n  obs.observe(document.body, { childList: true, subtree: true });\n};\n\n\n\n<\/script>\n\n<\/p>\n<p>[\/vc_column_text][\/vc_column][\/vc_row]<\/p>\n","protected":false},"excerpt":{"rendered":"<p>[vc_row][vc_column][vc_empty_space height=&#8221;50px&#8221;][vc_column_text] [\/vc_column_text][\/vc_column][\/vc_row]<\/p>\n","protected":false},"author":1,"featured_media":0,"parent":0,"menu_order":0,"comment_status":"closed","ping_status":"closed","template":"","meta":{"footnotes":""},"class_list":["post-95","page","type-page","status-publish","hentry"],"_links":{"self":[{"href":"https:\/\/dottovip.com.br\/weslaniasobrancelhas\/wp-json\/wp\/v2\/pages\/95","targetHints":{"allow":["GET"]}}],"collection":[{"href":"https:\/\/dottovip.com.br\/weslaniasobrancelhas\/wp-json\/wp\/v2\/pages"}],"about":[{"href":"https:\/\/dottovip.com.br\/weslaniasobrancelhas\/wp-json\/wp\/v2\/types\/page"}],"author":[{"embeddable":true,"href":"https:\/\/dottovip.com.br\/weslaniasobrancelhas\/wp-json\/wp\/v2\/users\/1"}],"replies":[{"embeddable":true,"href":"https:\/\/dottovip.com.br\/weslaniasobrancelhas\/wp-json\/wp\/v2\/comments?post=95"}],"version-history":[{"count":0,"href":"https:\/\/dottovip.com.br\/weslaniasobrancelhas\/wp-json\/wp\/v2\/pages\/95\/revisions"}],"wp:attachment":[{"href":"https:\/\/dottovip.com.br\/weslaniasobrancelhas\/wp-json\/wp\/v2\/media?parent=95"}],"curies":[{"name":"wp","href":"https:\/\/api.w.org\/{rel}","templated":true}]}}